{"id":616,"date":"2023-12-04T12:48:17","date_gmt":"2023-12-04T12:48:17","guid":{"rendered":"http:\/\/bosti3d-design.de\/?page_id=616"},"modified":"2024-01-24T09:56:18","modified_gmt":"2024-01-24T09:56:18","slug":"workflow-preise","status":"publish","type":"page","link":"https:\/\/bosti3d-design.de\/en\/workflow-preise\/","title":{"rendered":"Workflow &amp; Prices"},"content":{"rendered":"<div data-elementor-type=\"wp-post\" data-elementor-id=\"616\" class=\"elementor elementor-616\" data-elementor-post-type=\"page\">\n\t\t\t\t<div class=\"elementor-element elementor-element-edd9184 e-con-full e-flex wpr-particle-no wpr-parallax-no wpr-sticky-section-no e-con e-parent\" data-id=\"edd9184\" data-element_type=\"container\" data-settings=\"{&quot;background_background&quot;:&quot;classic&quot;,&quot;background_motion_fx_motion_fx_scrolling&quot;:&quot;yes&quot;,&quot;background_motion_fx_translateY_effect&quot;:&quot;yes&quot;,&quot;background_motion_fx_translateY_speed&quot;:{&quot;unit&quot;:&quot;px&quot;,&quot;size&quot;:4,&quot;sizes&quot;:[]},&quot;background_motion_fx_translateY_affectedRange&quot;:{&quot;unit&quot;:&quot;%&quot;,&quot;size&quot;:&quot;&quot;,&quot;sizes&quot;:{&quot;start&quot;:0,&quot;end&quot;:100}},&quot;background_motion_fx_devices&quot;:[&quot;desktop&quot;,&quot;laptop&quot;,&quot;tablet&quot;,&quot;mobile&quot;]}\">\n\t\t\t\t<div class=\"elementor-element elementor-element-f6d2a0a elementor-widget elementor-widget-heading\" data-id=\"f6d2a0a\" data-element_type=\"widget\" data-widget_type=\"heading.default\">\n\t\t\t\t<div class=\"elementor-widget-container\">\n\t\t\t\t\t<h2 class=\"elementor-heading-title elementor-size-default\">Workflow &amp;<br>Preise<\/h2>\t\t\t\t<\/div>\n\t\t\t\t<\/div>\n\t\t\t\t<\/div>\n\t\t<div class=\"elementor-element elementor-element-338aa44 e-con-full e-flex wpr-particle-no wpr-jarallax-no wpr-parallax-no wpr-sticky-section-no elementor-invisible e-con e-parent\" data-id=\"338aa44\" data-element_type=\"container\" data-settings=\"{&quot;animation&quot;:&quot;fadeInUp&quot;,&quot;animation_delay&quot;:100}\">\n\t\t<div class=\"elementor-element elementor-element-1517753 e-con-full elementor-hidden-mobile e-flex wpr-particle-no wpr-jarallax-no wpr-parallax-no wpr-sticky-section-no e-con e-child\" data-id=\"1517753\" data-element_type=\"container\">\n\t\t\t\t<\/div>\n\t\t<div class=\"elementor-element elementor-element-c2156ec e-con-full e-flex wpr-particle-no wpr-jarallax-no wpr-parallax-no wpr-sticky-section-no e-con e-child\" data-id=\"c2156ec\" data-element_type=\"container\" data-settings=\"{&quot;background_background&quot;:&quot;slideshow&quot;,&quot;background_slideshow_slide_duration&quot;:100,&quot;background_slideshow_transition_duration&quot;:4000,&quot;background_slideshow_lazyload&quot;:&quot;yes&quot;,&quot;background_slideshow_ken_burns&quot;:&quot;yes&quot;,&quot;background_slideshow_gallery&quot;:[],&quot;background_slideshow_loop&quot;:&quot;yes&quot;,&quot;background_slideshow_slide_transition&quot;:&quot;fade&quot;,&quot;background_slideshow_ken_burns_zoom_direction&quot;:&quot;in&quot;}\">\n\t\t\t\t<div class=\"elementor-element elementor-element-09b725b elementor-widget elementor-widget-heading\" data-id=\"09b725b\" data-element_type=\"widget\" data-widget_type=\"heading.default\">\n\t\t\t\t<div class=\"elementor-widget-container\">\n\t\t\t\t\t<h2 class=\"elementor-heading-title elementor-size-default\">Workflow<\/h2>\t\t\t\t<\/div>\n\t\t\t\t<\/div>\n\t\t\t\t<div class=\"elementor-element elementor-element-94ea1e4 elementor-widget elementor-widget-text-editor\" data-id=\"94ea1e4\" data-element_type=\"widget\" data-widget_type=\"text-editor.default\">\n\t\t\t\t<div class=\"elementor-widget-container\">\n\t\t\t\t\t\t\t\t\t<p><span style=\"font-size: 24pt;\">1. Analyse und Zeitplan<\/span><\/p><p>Im ersten Schritt nach der Auftragserteilung werden alle verfu\u0308gbare Planungsunterlagen wie Skizzen,<br \/>Grafiken, Zeichnungen (Lageplan, Grundrissen, Ansichten), Referenzen, \u2026 detailliert besprochen,<br \/>analysiert und nach Bedarf erg\u00e4nzt, um ein Konzept mit Zeitplan zu erstellen.<\/p><p>Natu\u0308rlich werden Ihre Ideen, Wu\u0308nsche und Vorstellungen nach technischen M\u00f6glichleiten hin beru\u0308cksichtigt.<\/p><p>Je detaillierter die Informationen sind, desto schneller und<br \/>individueller werden die Visualisierung ausfallen.<\/p><p>Fu\u0308r die Fertigstellung des Projektes werden zwischen fu\u0308nf Tage und zwei Wochen ben\u00f6tigt, wenn zus\u00e4tzliche 3D-Visualisierungen (Filme) erstellt werden oder ein die Umgebung ebenso realistisch gezeigt werden soll, dann kann dies auch l\u00e4nger ben\u00f6tigen.<\/p><p>\u00a0<\/p><p><span style=\"font-size: 24pt;\">2. 3D-Modell und Perspektiven Erstellung<\/span><\/p><p>In zweiten Schritt wird ein 3D-Gittermodell des zu visualisierenden Objektes erstellt. Das Model wird in<br \/>unterschiedlichen Perspektiven ohne Texturen als \u201eWeiss-Model\u201c zur Auswahl erstellt, um<br \/>Proportionen, Details und notwendige Kameraperspektiven mit Ihnen zu abstimmen.<\/p><p>\u00a0<\/p><p><span style=\"font-size: 24pt;\">3. Materialien und Lichtquellen<\/span><\/p><p>Im dritten Schritt werden nach Ihrer Ru\u0308ckmeldung das Model und Kameraperspektiven angepasst.<br \/>Anschlie\u00dfend wird das Model \u201eangezogen\u201c, d.h. mit den gewu\u0308nschten Materialien, Texturen (Oberfl\u00e4chen) und Farben versehen. Auch die Lichtquellen werden festgelegt (z.B. Sonneneinstrahlung Vormittags oder Abendstimmung).<\/p><p>Erste fotorealistische Visualisierungen fu\u0308r die Korrekturphase werden erstellt.<\/p><p>\u00a0<\/p><p><span style=\"font-size: 24pt;\">4. Korrekturphase<\/span><\/p><p>Im vierten Schritt werden \u00fcber bis zu drei Korrektur- und Anpassungsphasen die Visualisierungen genau auf Ihre Vorstellungen hin angepasst und finalisiert.<\/p><p>Diese Korrekturphasen sind inkludiert. Dar\u00fcber hinausgehenden Korrekturphasen sind dann kostenpflichtig und werden mit unserem allgemeinen Stundensatz verrechnet.<\/p><p>\u00a0<\/p><p><span style=\"font-size: 24pt;\">5. Ausarbeitungen<\/span><\/p><p>Alle besprochenen Perspektiven, Bilder, Filme etc. werden nach den von Ihnen frei gegebenen Vorgaben erstellt und\u00a0 Ihnen im abgestimmten Dateiformat als Download zur Verfu\u0308gung gestellt.<\/p><p>So stellen wir sicher, dass die Arbeiten Ihren Anforderungen entsprechen und perfekt auf Ihre Verwendung hin zugeschnitten sind.<\/p><p>Sprechen Sie uns an, wir freuen uns, zusammen mit Ihnen in einem kostenfreien Erstgespr\u00e4ch Verwendung, Einsatz, Nutzen und Kosten erarbeiten zu k\u00f6nnen.<\/p>\t\t\t\t\t\t\t\t<\/div>\n\t\t\t\t<\/div>\n\t\t\t\t<div class=\"elementor-element elementor-element-cc6d196 elementor-mobile-align-center elementor-widget elementor-widget-button\" data-id=\"cc6d196\" data-element_type=\"widget\" data-widget_type=\"button.default\">\n\t\t\t\t<div class=\"elementor-widget-container\">\n\t\t\t\t\t\t\t\t\t<div class=\"elementor-button-wrapper\">\n\t\t\t\t\t<a class=\"elementor-button elementor-button-link elementor-size-xs\" href=\"#Kontakt\" target=\"_blank\">\n\t\t\t\t\t\t<span class=\"elementor-button-content-wrapper\">\n\t\t\t\t\t\t\t\t\t<span class=\"elementor-button-text\">Termin vereinbaren ...<\/span>\n\t\t\t\t\t<\/span>\n\t\t\t\t\t<\/a>\n\t\t\t\t<\/div>\n\t\t\t\t\t\t\t\t<\/div>\n\t\t\t\t<\/div>\n\t\t\t\t<div class=\"elementor-element elementor-element-0119383 elementor-widget elementor-widget-image\" data-id=\"0119383\" data-element_type=\"widget\" data-widget_type=\"image.default\">\n\t\t\t\t<div class=\"elementor-widget-container\">\n\t\t\t\t\t\t\t\t\t\t\t\t\t\t\t<img fetchpriority=\"high\" decoding=\"async\" width=\"1536\" height=\"864\" src=\"https:\/\/bosti3d-design.de\/wp-content\/uploads\/2023\/10\/Naslovna-slika_06-1536x864.jpg\" class=\"attachment-1536x1536 size-1536x1536 wp-image-542\" alt=\"\" srcset=\"https:\/\/bosti3d-design.de\/wp-content\/uploads\/2023\/10\/Naslovna-slika_06-1536x864.jpg 1536w, https:\/\/bosti3d-design.de\/wp-content\/uploads\/2023\/10\/Naslovna-slika_06-300x169.jpg 300w, https:\/\/bosti3d-design.de\/wp-content\/uploads\/2023\/10\/Naslovna-slika_06-1024x576.jpg 1024w, https:\/\/bosti3d-design.de\/wp-content\/uploads\/2023\/10\/Naslovna-slika_06-768x432.jpg 768w, https:\/\/bosti3d-design.de\/wp-content\/uploads\/2023\/10\/Naslovna-slika_06.jpg 1920w\" sizes=\"(max-width: 1536px) 100vw, 1536px\" \/>\t\t\t\t\t\t\t\t\t\t\t\t\t\t\t<\/div>\n\t\t\t\t<\/div>\n\t\t\t\t<div class=\"elementor-element elementor-element-661b9ba elementor-widget elementor-widget-heading\" data-id=\"661b9ba\" data-element_type=\"widget\" data-widget_type=\"heading.default\">\n\t\t\t\t<div class=\"elementor-widget-container\">\n\t\t\t\t\t<h2 class=\"elementor-heading-title elementor-size-default\">Preis&shy;gestaltung<\/h2>\t\t\t\t<\/div>\n\t\t\t\t<\/div>\n\t\t\t\t<div class=\"elementor-element elementor-element-d17f1bc elementor-widget elementor-widget-text-editor\" data-id=\"d17f1bc\" data-element_type=\"widget\" data-widget_type=\"text-editor.default\">\n\t\t\t\t<div class=\"elementor-widget-container\">\n\t\t\t\t\t\t\t\t\t<p>Die Kosten fu\u0308r eine 3D-Visualisierung sind ganz individuell und von unterschiedlichen Faktoren abh\u00e4ngig.<\/p><p><strong>Faktoren wie<\/strong> <br \/>- Type of visualization<br \/>\u00a0(Produktvisualisierung, Au\u00dfenvisualisierung, Innenvisualisierung, Rundgang\u2026)<br \/>- Size of the object<br \/>\u00a0(Einfamilienhaus bis Wolkenkratzer)<br \/>\u2022 Detaillierungsgrad und Zahl der notwendigen Visualisierungen<br \/>\u2022 wie detailliert die Umgebungsbebauung dargestellt sein soll<br \/>\u2022 sowie die gewu\u0308nschte Qualit\u00e4t der Renderings<\/p><p>\u00a0<\/p><p>Alle Faktoren beeinflussen die Preisgestaltung und Projektfertigstellung.<\/p><p>Fu\u0308r ein Angebot lassen Sie uns bitte die entsprechenden Unterlagen zukommen, aus denen die Gr\u00f6\u00dfe und Architektur des Projektes oder Produktes ersichtlich ist.<\/p><p>Sollen Sie uns verwendbare 3D-Modelle zu Verfu\u0308gung stellen oder mit l\u00e4ngeren Bearbeitungszeiten<br \/>entgegenkommen, k\u00f6nnen wir dies gerne in der Preisgestaltung ber\u00fccksichtigen.<\/p>\t\t\t\t\t\t\t\t<\/div>\n\t\t\t\t<\/div>\n\t\t\t\t<div class=\"elementor-element elementor-element-740b1c7 elementor-mobile-align-center elementor-widget elementor-widget-button\" data-id=\"740b1c7\" data-element_type=\"widget\" data-widget_type=\"button.default\">\n\t\t\t\t<div class=\"elementor-widget-container\">\n\t\t\t\t\t\t\t\t\t<div class=\"elementor-button-wrapper\">\n\t\t\t\t\t<a class=\"elementor-button elementor-button-link elementor-size-xs\" href=\"#Kontakt\" target=\"_blank\">\n\t\t\t\t\t\t<span class=\"elementor-button-content-wrapper\">\n\t\t\t\t\t\t\t\t\t<span class=\"elementor-button-text\">Angebot anfragen ...<\/span>\n\t\t\t\t\t<\/span>\n\t\t\t\t\t<\/a>\n\t\t\t\t<\/div>\n\t\t\t\t\t\t\t\t<\/div>\n\t\t\t\t<\/div>\n\t\t\t\t<\/div>\n\t\t<div class=\"elementor-element elementor-element-56b2ab9 e-con-full e-flex wpr-particle-no wpr-jarallax-no wpr-parallax-no wpr-sticky-section-no e-con e-child\" data-id=\"56b2ab9\" data-element_type=\"container\">\n\t\t\t\t<\/div>\n\t\t\t\t<\/div>\n\t\t<div class=\"elementor-element elementor-element-c8adfb1 e-flex e-con-boxed wpr-particle-no wpr-jarallax-no wpr-parallax-no wpr-sticky-section-no e-con e-parent\" data-id=\"c8adfb1\" data-element_type=\"container\">\n\t\t\t\t\t<div class=\"e-con-inner\">\n\t\t\t\t<div class=\"elementor-element elementor-element-8c358de elementor-widget elementor-widget-menu-anchor\" data-id=\"8c358de\" data-element_type=\"widget\" data-widget_type=\"menu-anchor.default\">\n\t\t\t\t<div class=\"elementor-widget-container\">\n\t\t\t\t\t\t\t<div class=\"elementor-menu-anchor\" id=\"Kontakt\"><\/div>\n\t\t\t\t\t\t<\/div>\n\t\t\t\t<\/div>\n\t\t\t\t\t<\/div>\n\t\t\t\t<\/div>\n\t\t\t\t<\/div>","protected":false},"excerpt":{"rendered":"<p>Workflow &#038;Preise Workflow 1. Analyse und Zeitplan Im ersten Schritt nach der Auftragserteilung werden alle verfu\u0308gbare Planungsunterlagen wie Skizzen,Grafiken, Zeichnungen (Lageplan, Grundrissen, Ansichten), Referenzen, \u2026 detailliert besprochen,analysiert und nach Bedarf erg\u00e4nzt, um ein Konzept mit Zeitplan zu erstellen. Natu\u0308rlich werden Ihre Ideen, Wu\u0308nsche und Vorstellungen nach technischen M\u00f6glichleiten hin beru\u0308cksichtigt. Je detaillierter die Informationen sind, desto schneller undindividueller werden die Visualisierung ausfallen. Fu\u0308r die Fertigstellung des Projektes werden zwischen fu\u0308nf Tage und zwei Wochen ben\u00f6tigt, wenn zus\u00e4tzliche 3D-Visualisierungen (Filme) erstellt werden oder ein die Umgebung ebenso realistisch gezeigt werden soll, dann kann dies auch l\u00e4nger ben\u00f6tigen. \u00a0 2. 3D-Modell und Perspektiven Erstellung In zweiten Schritt wird ein 3D-Gittermodell des zu visualisierenden Objektes erstellt. Das Model wird inunterschiedlichen Perspektiven ohne Texturen als \u201eWeiss-Model\u201c zur Auswahl erstellt, umProportionen, Details und notwendige Kameraperspektiven mit Ihnen zu abstimmen. \u00a0 3. Materialien und Lichtquellen Im dritten Schritt werden nach Ihrer Ru\u0308ckmeldung das Model und Kameraperspektiven angepasst.Anschlie\u00dfend wird das Model \u201eangezogen\u201c, d.h. mit den gewu\u0308nschten Materialien, Texturen (Oberfl\u00e4chen) und Farben versehen. Auch die Lichtquellen werden festgelegt (z.B. Sonneneinstrahlung Vormittags oder Abendstimmung). Erste fotorealistische Visualisierungen fu\u0308r die Korrekturphase werden erstellt. \u00a0 4. Korrekturphase Im vierten Schritt werden \u00fcber bis zu drei Korrektur- und Anpassungsphasen die Visualisierungen genau auf Ihre Vorstellungen hin angepasst und finalisiert. Diese Korrekturphasen sind inkludiert. Dar\u00fcber hinausgehenden Korrekturphasen sind dann kostenpflichtig und werden mit unserem allgemeinen Stundensatz verrechnet. \u00a0 5. Ausarbeitungen Alle besprochenen Perspektiven, Bilder, Filme etc. werden nach den von Ihnen frei gegebenen Vorgaben erstellt und\u00a0 Ihnen im abgestimmten Dateiformat als Download zur Verfu\u0308gung gestellt. So stellen wir sicher, dass die Arbeiten Ihren Anforderungen entsprechen und perfekt auf Ihre Verwendung hin zugeschnitten sind. Sprechen Sie uns an, wir freuen uns, zusammen mit Ihnen in einem kostenfreien Erstgespr\u00e4ch Verwendung, Einsatz, Nutzen und Kosten erarbeiten zu k\u00f6nnen. Termin vereinbaren &#8230; Preis&shy;gestaltung Die Kosten fu\u0308r eine 3D-Visualisierung sind ganz individuell und von unterschiedlichen Faktoren abh\u00e4ngig. Faktoren wie \u2022 Art der Visualisierung\u00a0(Produktvisualisierung, Au\u00dfenvisualisierung, Innenvisualisierung, Rundgang\u2026)\u2022 Gr\u00f6\u00dfe des Objektes\u00a0(Einfamilienhaus bis Wolkenkratzer)\u2022 Detaillierungsgrad und Zahl der notwendigen Visualisierungen\u2022 wie detailliert die Umgebungsbebauung dargestellt sein soll\u2022 sowie die gewu\u0308nschte Qualit\u00e4t der Renderings \u00a0 Alle Faktoren beeinflussen die Preisgestaltung und Projektfertigstellung. Fu\u0308r ein Angebot lassen Sie uns bitte die entsprechenden Unterlagen zukommen, aus denen die Gr\u00f6\u00dfe und Architektur des Projektes oder Produktes ersichtlich ist. Sollen Sie uns verwendbare 3D-Modelle zu Verfu\u0308gung stellen oder mit l\u00e4ngeren Bearbeitungszeitenentgegenkommen, k\u00f6nnen wir dies gerne in der Preisgestaltung ber\u00fccksichtigen. Angebot anfragen &#8230;<\/p>","protected":false},"author":1,"featured_media":33,"parent":0,"menu_order":0,"comment_status":"closed","ping_status":"closed","template":"elementor_header_footer","meta":{"footnotes":""},"class_list":["post-616","page","type-page","status-publish","has-post-thumbnail","hentry"],"_links":{"self":[{"href":"https:\/\/bosti3d-design.de\/en\/wp-json\/wp\/v2\/pages\/616","targetHints":{"allow":["GET"]}}],"collection":[{"href":"https:\/\/bosti3d-design.de\/en\/wp-json\/wp\/v2\/pages"}],"about":[{"href":"https:\/\/bosti3d-design.de\/en\/wp-json\/wp\/v2\/types\/page"}],"author":[{"embeddable":true,"href":"https:\/\/bosti3d-design.de\/en\/wp-json\/wp\/v2\/users\/1"}],"replies":[{"embeddable":true,"href":"https:\/\/bosti3d-design.de\/en\/wp-json\/wp\/v2\/comments?post=616"}],"version-history":[{"count":16,"href":"https:\/\/bosti3d-design.de\/en\/wp-json\/wp\/v2\/pages\/616\/revisions"}],"predecessor-version":[{"id":832,"href":"https:\/\/bosti3d-design.de\/en\/wp-json\/wp\/v2\/pages\/616\/revisions\/832"}],"wp:featuredmedia":[{"embeddable":true,"href":"https:\/\/bosti3d-design.de\/en\/wp-json\/wp\/v2\/media\/33"}],"wp:attachment":[{"href":"https:\/\/bosti3d-design.de\/en\/wp-json\/wp\/v2\/media?parent=616"}],"curies":[{"name":"wp","href":"https:\/\/api.w.org\/{rel}","templated":true}]}}